{"id":68,"date":"2023-12-28T18:59:46","date_gmt":"2023-12-28T17:59:46","guid":{"rendered":"https:\/\/nice-homestudio-lido.ms2.decms.eu\/mentions-legales\/"},"modified":"2024-05-03T13:15:26","modified_gmt":"2024-05-03T11:15:26","slug":"legal-notice","status":"publish","type":"page","link":"https:\/\/www.nicehome.studio\/en\/legal-notice\/","title":{"rendered":"Legal Notice"},"content":{"rendered":"<p><strong>Site editor identification:<\/strong><\/p>\n<p>Corporate identity: SARL TEMONICE<br \/>\nAdress : 4 rue commandant Beretta 06000 Nice<br \/>\nMail : contact.studiolido@gmail.com<br \/>\nPhone : +33 (0) 6 87.58.12.58<br \/>\nSIRET : 905 385 035 00019<br \/>\nRCS : 905.385.035 R.C.S NICE<br \/>\nVAT number: FR14905385035<br \/>\nLegal form: SARL<br \/>\nShare capital: 5000 \u20ac<\/p>\n<p>Director of publication, legal representative: Sandy Morena<\/p>\n<p><strong>Site design and development:<\/strong><br \/>\n<a href=\"https:\/\/www.d-edge.com\/\" target=\"_blank\" rel=\"noopener noreferrer\">D-EDGE<\/a> &#8211; D-EDGE SAS<br \/>\n64-66 Rue des Archives &#8211; 75003 Paris \u2013 France<br \/>\n+33(0)1 44 71 04 35<\/p>\n<p><strong>Hosting:<\/strong><br \/>\nWPEngine, Inc.<br \/>\nIrongate House, 22-30 Duke\u2019s Place<br \/>\nLondon, EC3A 7LP, United Kingdom<br \/>\nPhone: 08 00 50 53 049<\/p>\n<p><strong>Terms &amp; Conditions:<\/strong><br \/>\nAfter contacting the customer service department and if no satisfactory response is received within 1 month, the customer may refer the matter to the Tourism and Travel Ombudsman, whose contact details and referral procedures are available on his website. : www.mtv.travel<\/p>\n<p><strong>Copyright :<\/strong><br \/>\nThe contents of this site are protected by copyright. No reproduction is permitted.<\/p>\n<p><strong>Personal data<\/strong><br \/>\nAll your personal data is intended for the use of NICE HOME STUDIOS LIDO. Elles sont confidentielles et trait\u00e9es comme telle.<br \/>\nConform\u00e9ment \u00e0 la loi informatique et des libert\u00e9s du 06 janvier 1978, vous disposez d&#8217;un droit d&#8217;acc\u00e8s, de rectification, de modification et de suppression des donn\u00e9es personnelles que vous nous avez communiqu\u00e9es.<br \/>\nYou can exercise this right by sending a letter to NICE HOME STUDIOS LIDO, 4 rue ren\u00e9 commandant Berretta 06000 Nice, France.<\/p>\n","protected":false},"excerpt":{"rendered":"<p>Site editor identification: Corporate identity: SARL TEMONICE Adress : 4 rue commandant Beretta 06000 Nice Mail : contact.studiolido@gmail.com Phone : +33 (0) 6 87.58.12.58 SIRET : 905 385 035 00019 RCS : 905.385.035 R.C.S NICE VAT number: FR14905385035 Legal form: SARL Share capital: 5000 \u20ac Director of publication, legal representative: Sandy Morena Site design and [&hellip;]<\/p>\n","protected":false},"author":25,"featured_media":0,"parent":0,"menu_order":0,"comment_status":"closed","ping_status":"closed","template":"","meta":{"footnotes":""},"class_list":["post-68","page","type-page","status-publish","hentry"],"yoast_head":"<!-- This site is optimized with the Yoast SEO plugin v27.3 - https:\/\/yoast.com\/product\/yoast-seo-wordpress\/ -->\n<title>Legal Notice - Nice Home Studios Lido<\/title>\n<meta name=\"robots\" content=\"index, follow, max-snippet:-1, max-image-preview:large, max-video-preview:-1\" \/>\n<link rel=\"canonical\" href=\"https:\/\/www.nicehome.studio\/en\/legal-notice\/\" \/>\n<meta property=\"og:locale\" content=\"en_US\" \/>\n<meta property=\"og:type\" content=\"article\" \/>\n<meta property=\"og:title\" content=\"Legal Notice - Nice Home Studios Lido\" \/>\n<meta property=\"og:description\" content=\"Site editor identification: Corporate identity: SARL TEMONICE Adress : 4 rue commandant Beretta 06000 Nice Mail : contact.studiolido@gmail.com Phone : +33 (0) 6 87.58.12.58 SIRET : 905 385 035 00019 RCS : 905.385.035 R.C.S NICE VAT number: FR14905385035 Legal form: SARL Share capital: 5000 \u20ac Director of publication, legal representative: Sandy Morena Site design and [&hellip;]\" \/>\n<meta property=\"og:url\" content=\"https:\/\/www.nicehome.studio\/en\/legal-notice\/\" \/>\n<meta property=\"og:site_name\" content=\"Nice Home Studios Lido\" \/>\n<meta property=\"article:modified_time\" content=\"2024-05-03T11:15:26+00:00\" \/>\n<meta name=\"twitter:card\" content=\"summary_large_image\" \/>\n<meta name=\"twitter:label1\" content=\"Est. reading time\" \/>\n\t<meta name=\"twitter:data1\" content=\"2 minutes\" \/>\n<script type=\"application\/ld+json\" class=\"yoast-schema-graph\">{\"@context\":\"https:\\\/\\\/schema.org\",\"@graph\":[{\"@type\":\"WebPage\",\"@id\":\"https:\\\/\\\/www.nicehome.studio\\\/en\\\/legal-notice\\\/\",\"url\":\"https:\\\/\\\/www.nicehome.studio\\\/en\\\/legal-notice\\\/\",\"name\":\"Legal Notice - Nice Home Studios Lido\",\"isPartOf\":{\"@id\":\"https:\\\/\\\/www.nicehome.studio\\\/en\\\/#website\"},\"datePublished\":\"2023-12-28T17:59:46+00:00\",\"dateModified\":\"2024-05-03T11:15:26+00:00\",\"breadcrumb\":{\"@id\":\"https:\\\/\\\/www.nicehome.studio\\\/en\\\/legal-notice\\\/#breadcrumb\"},\"inLanguage\":\"en-US\",\"potentialAction\":[{\"@type\":\"ReadAction\",\"target\":[\"https:\\\/\\\/www.nicehome.studio\\\/en\\\/legal-notice\\\/\"]}]},{\"@type\":\"BreadcrumbList\",\"@id\":\"https:\\\/\\\/www.nicehome.studio\\\/en\\\/legal-notice\\\/#breadcrumb\",\"itemListElement\":[{\"@type\":\"ListItem\",\"position\":1,\"name\":\"Accueil\",\"item\":\"https:\\\/\\\/www.nicehome.studio\\\/en\\\/\"},{\"@type\":\"ListItem\",\"position\":2,\"name\":\"Legal Notice\"}]},{\"@type\":\"WebSite\",\"@id\":\"https:\\\/\\\/www.nicehome.studio\\\/en\\\/#website\",\"url\":\"https:\\\/\\\/www.nicehome.studio\\\/en\\\/\",\"name\":\"Nice Home Studios Lido\",\"description\":\"\",\"potentialAction\":[{\"@type\":\"SearchAction\",\"target\":{\"@type\":\"EntryPoint\",\"urlTemplate\":\"https:\\\/\\\/www.nicehome.studio\\\/en\\\/?s={search_term_string}\"},\"query-input\":{\"@type\":\"PropertyValueSpecification\",\"valueRequired\":true,\"valueName\":\"search_term_string\"}}],\"inLanguage\":\"en-US\"}]}<\/script>\n<!-- \/ Yoast SEO plugin. -->","yoast_head_json":{"title":"Legal Notice - Nice Home Studios Lido","robots":{"index":"index","follow":"follow","max-snippet":"max-snippet:-1","max-image-preview":"max-image-preview:large","max-video-preview":"max-video-preview:-1"},"canonical":"https:\/\/www.nicehome.studio\/en\/legal-notice\/","og_locale":"en_US","og_type":"article","og_title":"Legal Notice - Nice Home Studios Lido","og_description":"Site editor identification: Corporate identity: SARL TEMONICE Adress : 4 rue commandant Beretta 06000 Nice Mail : contact.studiolido@gmail.com Phone : +33 (0) 6 87.58.12.58 SIRET : 905 385 035 00019 RCS : 905.385.035 R.C.S NICE VAT number: FR14905385035 Legal form: SARL Share capital: 5000 \u20ac Director of publication, legal representative: Sandy Morena Site design and [&hellip;]","og_url":"https:\/\/www.nicehome.studio\/en\/legal-notice\/","og_site_name":"Nice Home Studios Lido","article_modified_time":"2024-05-03T11:15:26+00:00","twitter_card":"summary_large_image","twitter_misc":{"Est. reading time":"2 minutes"},"schema":{"@context":"https:\/\/schema.org","@graph":[{"@type":"WebPage","@id":"https:\/\/www.nicehome.studio\/en\/legal-notice\/","url":"https:\/\/www.nicehome.studio\/en\/legal-notice\/","name":"Legal Notice - Nice Home Studios Lido","isPartOf":{"@id":"https:\/\/www.nicehome.studio\/en\/#website"},"datePublished":"2023-12-28T17:59:46+00:00","dateModified":"2024-05-03T11:15:26+00:00","breadcrumb":{"@id":"https:\/\/www.nicehome.studio\/en\/legal-notice\/#breadcrumb"},"inLanguage":"en-US","potentialAction":[{"@type":"ReadAction","target":["https:\/\/www.nicehome.studio\/en\/legal-notice\/"]}]},{"@type":"BreadcrumbList","@id":"https:\/\/www.nicehome.studio\/en\/legal-notice\/#breadcrumb","itemListElement":[{"@type":"ListItem","position":1,"name":"Accueil","item":"https:\/\/www.nicehome.studio\/en\/"},{"@type":"ListItem","position":2,"name":"Legal Notice"}]},{"@type":"WebSite","@id":"https:\/\/www.nicehome.studio\/en\/#website","url":"https:\/\/www.nicehome.studio\/en\/","name":"Nice Home Studios Lido","description":"","potentialAction":[{"@type":"SearchAction","target":{"@type":"EntryPoint","urlTemplate":"https:\/\/www.nicehome.studio\/en\/?s={search_term_string}"},"query-input":{"@type":"PropertyValueSpecification","valueRequired":true,"valueName":"search_term_string"}}],"inLanguage":"en-US"}]}},"acf":[],"_links":{"self":[{"href":"https:\/\/www.nicehome.studio\/en\/wp-json\/wp\/v2\/pages\/68","targetHints":{"allow":["GET"]}}],"collection":[{"href":"https:\/\/www.nicehome.studio\/en\/wp-json\/wp\/v2\/pages"}],"about":[{"href":"https:\/\/www.nicehome.studio\/en\/wp-json\/wp\/v2\/types\/page"}],"author":[{"embeddable":true,"href":"https:\/\/www.nicehome.studio\/en\/wp-json\/wp\/v2\/users\/25"}],"replies":[{"embeddable":true,"href":"https:\/\/www.nicehome.studio\/en\/wp-json\/wp\/v2\/comments?post=68"}],"version-history":[{"count":0,"href":"https:\/\/www.nicehome.studio\/en\/wp-json\/wp\/v2\/pages\/68\/revisions"}],"wp:attachment":[{"href":"https:\/\/www.nicehome.studio\/en\/wp-json\/wp\/v2\/media?parent=68"}],"curies":[{"name":"wp","href":"https:\/\/api.w.org\/{rel}","templated":true}]}}